{"id":5,"date":"2017-10-25T17:39:27","date_gmt":"2017-10-25T17:39:27","guid":{"rendered":"http:\/\/localhost\/wordpress\/sk-cerknica\/?page_id=2"},"modified":"2025-08-14T12:32:09","modified_gmt":"2025-08-14T10:32:09","slug":"pridruzisenam","status":"publish","type":"page","link":"https:\/\/ski.cerknica.net\/index.php\/pridruzisenam\/","title":{"rendered":"Od Valvasorja do danes"},"content":{"rendered":"<p>Za\u010detki smu\u010darskega kluba Cerknica segajo v leto 1972, ustanovni datum pa je 15. julij 1973. Ustanovitelji so bili: Franc Koro\u0161ec, Rudi Debevc, Vojko Debevc, Franc Krajnc, Rado Hlebec, Slavc Kranjc, Franc Ivan\u010di\u010d Vasja \u0160ega, Andrej Lah, Lojze Lah, Ivan Zabukovec, Jo\u017ee Funda, Franc Funda, Lojze \u0160krabec in Dane Hribar.<\/p>\n<p>Pripravljen je bil program delovanja v smislu u\u010denja smu\u010danja in pomo\u010d osnovnim \u0161olam z na\u0161ega podro\u010dja pri izvedbi za\u010detnih smu\u010darskih te\u010dajev. Kot nala\u0161\u010d je bila v tistem letu zima izredno slaba in prav tako tudi naslednje leto, zato delo skoraj ni moglo za\u017eiveti. V samem za\u010detku delovanja se je klubu pridru\u017eilo skupno 90 \u010dlanov.V za\u010detku oktobra meseca smo pri\u010deli s kondicijskimi treningi, ki so jih vodili: v Begunjah Franc Koro\u0161ec, v Cerknici Toma\u017e Skuk in v Grahovem Vojko in Rudi Debevec.<\/p>\n<p>Organizirali smo prve tekme v veleslalomu na Slivnici s pomo\u010djo \u0161tudentov iz ob\u010dine in \u010dlanov SK Cerknica. Kasneje sta se z delovanjem ostalih smu\u010darskih klubov iz na\u0161e ob\u010dine razvili tekmovanji za ob\u010dinski in notranjski pokal. Pripravljali smo tudi teren za smu\u010di\u0161\u010de v Zatrepih, kjer naj bi delovala tudi smu\u010darska vle\u010dnica. Proga je bila dobro pripravljena, vendar \u017ei\u010dnice ni bilo, ker ni bilo posluha za izgradnjo le-te. Kasneje so podoben sistem postavili na Kali\u010du in Blokah.<\/p>\n<p>Zime so postale resni\u010dno sne\u017eene, zato smo si na Slivnici uredili dve sobici v \u0160talah, kjer smo pre\u017eiveli veliko smu\u010darskih sobot in nedelj. Smu\u010dali smo s pomo\u010djo malih Tomosovih vle\u010dnic,<br \/>\nkasneje s pomo\u010djo kosilnice in ob koncu tudi z motornima vle\u010dnicama, ki smo ju kupili s pomo\u010djo TTKS in sponzorskih sredstev. Ena izmed teh vle\u010dnic \u0161e vedno ob ugodnih sne\u017enih razmerah deluje na Slivnici. Ohranili smo tudi tradicijo organiziranja smu\u010darskih sejmov, kjer mnogi otroci po ugodnih cenah lahko kupijo smu\u010darsko opremo.<\/p>\n<p>Po desetih letih slabih zim je klub v sezoni 1995\/96 ponovno za\u017eivel. Bilo je dovolj snega, \u010dlanstvo se je pove\u010dalo in volje za delo je bilo na pretek. V tisti in naslednjih sezonah smo bili nosilci ob\u010dinskega pokala, saj smo organizirali ve\u010dino tekem in tako pomagali o\u017eiviti notranjski pokal.<\/p>\n<p>V septembru 2019 smo alpski sekciji dodali \u0161e sekcijo za biatlon in smu\u010darski tek ter \u017ee s<span style=\"font-size: revert; color: initial;\">pomladi 2020 pri\u010deli z izgradnjo biatlonskega centra Srebrno jezero. Prvi kompleksni trening smo tam izvedli \u017ee v juniju 2020.&nbsp;<\/span><\/p>\n<p>Pozimi 2020\/21 smo s pomo\u010djo Ob\u010dine Cerknica in Fundacije za \u0161port kupili opremo za izdelavo snega in urejanje prog &#8211; dva sne\u017ena topova in teptalnik.<\/p>\n<p>Petdeset let ni kratko obdobje v \u017eivljenju neke generacije, ki je svoje amatersko delovanje zelo uspe\u0161no prena\u0161ala na mlaj\u0161e \u010dlane.<\/p>\n","protected":false},"excerpt":{"rendered":"<p>Za\u010detki smu\u010darskega kluba Cerknica segajo v leto 1972, ustanovni datum pa je 15. julij 1973. Ustanovitelji so bili: Franc Koro\u0161ec, Rudi Debevc, Vojko Debevc, Franc Krajnc, Rado Hlebec, Slavc Kranjc, Franc Ivan\u010di\u010d Vasja \u0160ega, Andrej Lah, Lojze Lah, Ivan Zabukovec, Jo\u017ee Funda, Franc Funda, Lojze \u0160krabec in Dane Hribar. Pripravljen je bil program delovanja v [&hellip;]<\/p>\n","protected":false},"author":2,"featured_media":0,"parent":0,"menu_order":0,"comment_status":"closed","ping_status":"open","template":"","meta":[],"yoast_head":"<!-- This site is optimized with the Yoast SEO plugin v19.8 - https:\/\/yoast.com\/wordpress\/plugins\/seo\/ -->\n<title>Od Valvasorja do danes - Smu\u010darski klub Cerknica<\/title>\n<meta name=\"robots\" content=\"index, follow, max-snippet:-1, max-image-preview:large, max-video-preview:-1\" \/>\n<link rel=\"canonical\" href=\"https:\/\/ski.cerknica.net\/index.php\/pridruzisenam\/\" \/>\n<meta property=\"og:locale\" content=\"en_US\" \/>\n<meta property=\"og:type\" content=\"article\" \/>\n<meta property=\"og:title\" content=\"Od Valvasorja do danes - Smu\u010darski klub Cerknica\" \/>\n<meta property=\"og:description\" content=\"Za\u010detki smu\u010darskega kluba Cerknica segajo v leto 1972, ustanovni datum pa je 15. julij 1973. Ustanovitelji so bili: Franc Koro\u0161ec, Rudi Debevc, Vojko Debevc, Franc Krajnc, Rado Hlebec, Slavc Kranjc, Franc Ivan\u010di\u010d Vasja \u0160ega, Andrej Lah, Lojze Lah, Ivan Zabukovec, Jo\u017ee Funda, Franc Funda, Lojze \u0160krabec in Dane Hribar. Pripravljen je bil program delovanja v [&hellip;]\" \/>\n<meta property=\"og:url\" content=\"https:\/\/ski.cerknica.net\/index.php\/pridruzisenam\/\" \/>\n<meta property=\"og:site_name\" content=\"Smu\u010darski klub Cerknica\" \/>\n<meta property=\"article:publisher\" content=\"https:\/\/www.facebook.com\/skcerknica\/\" \/>\n<meta property=\"article:modified_time\" content=\"2025-08-14T10:32:09+00:00\" \/>\n<meta name=\"twitter:card\" content=\"summary_large_image\" \/>\n<meta name=\"twitter:label1\" content=\"Est. reading time\" \/>\n\t<meta name=\"twitter:data1\" content=\"2 minutes\" \/>\n<script type=\"application\/ld+json\" class=\"yoast-schema-graph\">{\"@context\":\"https:\/\/schema.org\",\"@graph\":[{\"@type\":\"WebPage\",\"@id\":\"https:\/\/ski.cerknica.net\/index.php\/pridruzisenam\/\",\"url\":\"https:\/\/ski.cerknica.net\/index.php\/pridruzisenam\/\",\"name\":\"Od Valvasorja do danes - Smu\u010darski klub Cerknica\",\"isPartOf\":{\"@id\":\"https:\/\/ski.cerknica.net\/#website\"},\"datePublished\":\"2017-10-25T17:39:27+00:00\",\"dateModified\":\"2025-08-14T10:32:09+00:00\",\"breadcrumb\":{\"@id\":\"https:\/\/ski.cerknica.net\/index.php\/pridruzisenam\/#breadcrumb\"},\"inLanguage\":\"en-US\",\"potentialAction\":[{\"@type\":\"ReadAction\",\"target\":[\"https:\/\/ski.cerknica.net\/index.php\/pridruzisenam\/\"]}]},{\"@type\":\"BreadcrumbList\",\"@id\":\"https:\/\/ski.cerknica.net\/index.php\/pridruzisenam\/#breadcrumb\",\"itemListElement\":[{\"@type\":\"ListItem\",\"position\":1,\"name\":\"Home\",\"item\":\"https:\/\/ski.cerknica.net\/\"},{\"@type\":\"ListItem\",\"position\":2,\"name\":\"Od Valvasorja do danes\"}]},{\"@type\":\"WebSite\",\"@id\":\"https:\/\/ski.cerknica.net\/#website\",\"url\":\"https:\/\/ski.cerknica.net\/\",\"name\":\"Smu\u010darski klub Cerknica\",\"description\":\"Klub veselih smu\u010darjev :)\",\"publisher\":{\"@id\":\"https:\/\/ski.cerknica.net\/#organization\"},\"potentialAction\":[{\"@type\":\"SearchAction\",\"target\":{\"@type\":\"EntryPoint\",\"urlTemplate\":\"https:\/\/ski.cerknica.net\/?s={search_term_string}\"},\"query-input\":\"required name=search_term_string\"}],\"inLanguage\":\"en-US\"},{\"@type\":\"Organization\",\"@id\":\"https:\/\/ski.cerknica.net\/#organization\",\"name\":\"Smu\u010darski klub Cerknica\",\"url\":\"https:\/\/ski.cerknica.net\/\",\"sameAs\":[\"https:\/\/www.facebook.com\/skcerknica\/\"],\"logo\":{\"@type\":\"ImageObject\",\"inLanguage\":\"en-US\",\"@id\":\"https:\/\/ski.cerknica.net\/#\/schema\/logo\/image\/\",\"url\":\"https:\/\/ski.cerknica.net\/wp-content\/uploads\/2017\/10\/logo_black.jpg\",\"contentUrl\":\"https:\/\/ski.cerknica.net\/wp-content\/uploads\/2017\/10\/logo_black.jpg\",\"width\":950,\"height\":960,\"caption\":\"Smu\u010darski klub Cerknica\"},\"image\":{\"@id\":\"https:\/\/ski.cerknica.net\/#\/schema\/logo\/image\/\"}}]}<\/script>\n<!-- \/ Yoast SEO plugin. -->","yoast_head_json":{"title":"Od Valvasorja do danes - Smu\u010darski klub Cerknica","robots":{"index":"index","follow":"follow","max-snippet":"max-snippet:-1","max-image-preview":"max-image-preview:large","max-video-preview":"max-video-preview:-1"},"canonical":"https:\/\/ski.cerknica.net\/index.php\/pridruzisenam\/","og_locale":"en_US","og_type":"article","og_title":"Od Valvasorja do danes - Smu\u010darski klub Cerknica","og_description":"Za\u010detki smu\u010darskega kluba Cerknica segajo v leto 1972, ustanovni datum pa je 15. julij 1973. Ustanovitelji so bili: Franc Koro\u0161ec, Rudi Debevc, Vojko Debevc, Franc Krajnc, Rado Hlebec, Slavc Kranjc, Franc Ivan\u010di\u010d Vasja \u0160ega, Andrej Lah, Lojze Lah, Ivan Zabukovec, Jo\u017ee Funda, Franc Funda, Lojze \u0160krabec in Dane Hribar. Pripravljen je bil program delovanja v [&hellip;]","og_url":"https:\/\/ski.cerknica.net\/index.php\/pridruzisenam\/","og_site_name":"Smu\u010darski klub Cerknica","article_publisher":"https:\/\/www.facebook.com\/skcerknica\/","article_modified_time":"2025-08-14T10:32:09+00:00","twitter_card":"summary_large_image","twitter_misc":{"Est. reading time":"2 minutes"},"schema":{"@context":"https:\/\/schema.org","@graph":[{"@type":"WebPage","@id":"https:\/\/ski.cerknica.net\/index.php\/pridruzisenam\/","url":"https:\/\/ski.cerknica.net\/index.php\/pridruzisenam\/","name":"Od Valvasorja do danes - Smu\u010darski klub Cerknica","isPartOf":{"@id":"https:\/\/ski.cerknica.net\/#website"},"datePublished":"2017-10-25T17:39:27+00:00","dateModified":"2025-08-14T10:32:09+00:00","breadcrumb":{"@id":"https:\/\/ski.cerknica.net\/index.php\/pridruzisenam\/#breadcrumb"},"inLanguage":"en-US","potentialAction":[{"@type":"ReadAction","target":["https:\/\/ski.cerknica.net\/index.php\/pridruzisenam\/"]}]},{"@type":"BreadcrumbList","@id":"https:\/\/ski.cerknica.net\/index.php\/pridruzisenam\/#breadcrumb","itemListElement":[{"@type":"ListItem","position":1,"name":"Home","item":"https:\/\/ski.cerknica.net\/"},{"@type":"ListItem","position":2,"name":"Od Valvasorja do danes"}]},{"@type":"WebSite","@id":"https:\/\/ski.cerknica.net\/#website","url":"https:\/\/ski.cerknica.net\/","name":"Smu\u010darski klub Cerknica","description":"Klub veselih smu\u010darjev :)","publisher":{"@id":"https:\/\/ski.cerknica.net\/#organization"},"potentialAction":[{"@type":"SearchAction","target":{"@type":"EntryPoint","urlTemplate":"https:\/\/ski.cerknica.net\/?s={search_term_string}"},"query-input":"required name=search_term_string"}],"inLanguage":"en-US"},{"@type":"Organization","@id":"https:\/\/ski.cerknica.net\/#organization","name":"Smu\u010darski klub Cerknica","url":"https:\/\/ski.cerknica.net\/","sameAs":["https:\/\/www.facebook.com\/skcerknica\/"],"logo":{"@type":"ImageObject","inLanguage":"en-US","@id":"https:\/\/ski.cerknica.net\/#\/schema\/logo\/image\/","url":"https:\/\/ski.cerknica.net\/wp-content\/uploads\/2017\/10\/logo_black.jpg","contentUrl":"https:\/\/ski.cerknica.net\/wp-content\/uploads\/2017\/10\/logo_black.jpg","width":950,"height":960,"caption":"Smu\u010darski klub Cerknica"},"image":{"@id":"https:\/\/ski.cerknica.net\/#\/schema\/logo\/image\/"}}]}},"_links":{"self":[{"href":"https:\/\/ski.cerknica.net\/index.php\/wp-json\/wp\/v2\/pages\/5"}],"collection":[{"href":"https:\/\/ski.cerknica.net\/index.php\/wp-json\/wp\/v2\/pages"}],"about":[{"href":"https:\/\/ski.cerknica.net\/index.php\/wp-json\/wp\/v2\/types\/page"}],"author":[{"embeddable":true,"href":"https:\/\/ski.cerknica.net\/index.php\/wp-json\/wp\/v2\/users\/2"}],"replies":[{"embeddable":true,"href":"https:\/\/ski.cerknica.net\/index.php\/wp-json\/wp\/v2\/comments?post=5"}],"version-history":[{"count":10,"href":"https:\/\/ski.cerknica.net\/index.php\/wp-json\/wp\/v2\/pages\/5\/revisions"}],"predecessor-version":[{"id":674,"href":"https:\/\/ski.cerknica.net\/index.php\/wp-json\/wp\/v2\/pages\/5\/revisions\/674"}],"wp:attachment":[{"href":"https:\/\/ski.cerknica.net\/index.php\/wp-json\/wp\/v2\/media?parent=5"}],"curies":[{"name":"wp","href":"https:\/\/api.w.org\/{rel}","templated":true}]}}