{"id":527,"date":"2022-11-24T23:13:59","date_gmt":"2022-11-24T22:13:59","guid":{"rendered":"https:\/\/ski.cerknica.net\/?page_id=527"},"modified":"2025-08-14T12:45:33","modified_gmt":"2025-08-14T10:45:33","slug":"organizacija","status":"publish","type":"page","link":"https:\/\/ski.cerknica.net\/index.php\/organizacija\/","title":{"rendered":"Organizacija"},"content":{"rendered":"<p><\/p>\n\n\n<\/p>\n<h2>Upravni odbor<\/h2>\n<p>\n\n\n<p><\/p>\n<p><\/p>\n\n\n<\/p>\n<p>Franc \u017dnidar\u0161i\u010d &#8211; predsednik<\/p>\n<p>\n\n\n<p><\/p>\n<p><\/p>\n\n\n<\/p>\n<p>Eva Baraga &#8211; tajnik dru\u0161tva<\/p>\n<p>\n\n\n<p><\/p>\n<p><\/p>\n\n\n<\/p>\n<p>Breda Opeka Likar &#8211; finance<\/p>\n<p>\n\n\n<p><\/p>\n<p><\/p>\n\n\n<\/p>\n<p>Bo\u0161tjan Ule &#8211; vodja biatlonske sekcije<\/p>\n<p>\n\n\n<p><\/p>\n<p><\/p>\n\n\n<\/p>\n<p>Ga\u0161per \u0160emrov &#8211; vodja alpske sekcije<\/p>\n<p>\n\n\n<p><\/p>\n<p><\/p>\n\n\n<\/p>\n<p>Peter Pelan &#8211; tehni\u010dne zadeve<\/p>\n<p>\n\n\n<p><\/p>\n<p><\/p>\n\n\n<\/p>\n<p>Janez Zakraj\u0161ek &#8211; gospodar objektov na Slivnici<\/p>\n<p>\n\n\n<p><\/p>\n<p><\/p>\n\n\n<\/p>\n<p>\u017dan Rot &#8211; vodja sekcije ZUTS<\/p>\n<p>\n\n\n<p><\/p>\n<p><\/p>\n\n\n<\/p>\n<p>Roman \u0160ega<\/p>\n<p>\n\n\n<p><\/p>\n<p><\/p>\n\n\n<\/p>\n<p>Danilo Hribar<\/p>\n<p>\n\n\n<p><\/p>\n<p><\/p>\n\n\n<\/p>\n<p>Denis Tur\u0161i\u010d<\/p>\n<p>Anita \u017dnidar\u0161i\u010d<\/p>\n<p>\n\n\n<p><\/p>\n<p><\/p>\n\n\n<\/p>\n<p>\n\n\n<p><\/p>\n<p><\/p>\n\n\n<\/p>\n<p>\n\n\n<p><\/p>\n<p><\/p>\n\n\n<\/p>\n<h2>Trenerji &#8211; biatlon<\/h2>\n<p>\n\n\n<p><\/p>\n<p><\/p>\n\n\n<\/p>\n<p>Roman Hiti<\/p>\n<p>\n\n\n<p><\/p>\n<p><\/p>\n\n\n<\/p>\n<p>Eva Baraga<\/p>\n<p>\n\n\n<p><\/p>\n<p><\/p>\n\n\n<\/p>\n<p>Denis Tur\u0161i\u010d<\/p>\n<p>\n\n\n<p><\/p>\n<p><\/p>\n\n\n<\/p>\n<p>\n\n\n<p><\/p>\n<p><\/p>\n\n\n<\/p>\n<h2>Trenerji &#8211; alpska sekcija<\/h2>\n<p>\n\n\n<p><\/p>\n<p><\/p>\n\n\n<\/p>\n<p>\u017dan Rot<\/p>\n<p>\n\n\n<p><\/p>\n<p><\/p>\n\n\n<\/p>\n<p>Anita \u017dnidar\u0161i\u010d<\/p>\n<p>\n\n\n<p><\/p>\n<p><\/p>\n\n\n<\/p>\n<p>Ga\u0161per \u0160emrov<\/p>\n<p>\n\n\n<p><\/p>\n<p><\/p>\n\n\n<\/p>\n<p>Ur\u0161a Koro\u0161ec<\/p>\n<p>\n\n\n<p><\/p>\n<p><\/p>\n\n\n<\/p>\n<p>Klavdija Zidar<\/p>\n<p>\n\n\n<p><\/p>\n<p><\/p>\n\n\n<\/p>\n<p>Manca Farka\u0161<\/p>\n<p>\n\n\n<p><\/p>\n<p><\/p>\n\n\n<\/p>\n<p>Davor Meden<\/p>\n<p>\n\n\n<p><\/p>\n<p><\/p>\n\n\n<\/p>\n<p>Manca Rot<\/p>\n<p>\n\n\n<p><\/p>\n<p><\/p>\n\n\n<\/p>\n<p>Lovro Zalar<\/p>\n<p>Anton Dimic<\/p>\n<p>Diana Drobni\u010d<\/p>\n<p>\n\n\n<p><\/p>\n<p><\/p>\n\n\n<\/p>\n<p>\n\n\n<p><\/p>\n<p><\/p>\n\n\n<\/p>\n<h2>Nadzorni odbor<\/h2>\n<p>\n\n\n<p><\/p>\n<p><\/p>\n\n\n<\/p>\n<p>\n\n\n<p><\/p>","protected":false},"excerpt":{"rendered":"<p>Upravni odbor Franc \u017dnidar\u0161i\u010d &#8211; predsednik Eva Baraga &#8211; tajnik dru\u0161tva Breda Opeka Likar &#8211; finance Bo\u0161tjan Ule &#8211; vodja biatlonske sekcije Ga\u0161per \u0160emrov &#8211; vodja alpske sekcije Peter Pelan &#8211; tehni\u010dne zadeve Janez Zakraj\u0161ek &#8211; gospodar objektov na Slivnici \u017dan Rot &#8211; vodja sekcije ZUTS Roman \u0160ega Danilo Hribar Denis Tur\u0161i\u010d Anita \u017dnidar\u0161i\u010d Trenerji [&hellip;]<\/p>\n","protected":false},"author":5,"featured_media":0,"parent":0,"menu_order":0,"comment_status":"closed","ping_status":"closed","template":"","meta":[],"yoast_head":"<!-- This site is optimized with the Yoast SEO plugin v19.8 - https:\/\/yoast.com\/wordpress\/plugins\/seo\/ -->\n<title>Organizacija - Smu\u010darski klub Cerknica<\/title>\n<meta name=\"robots\" content=\"index, follow, max-snippet:-1, max-image-preview:large, max-video-preview:-1\" \/>\n<link rel=\"canonical\" href=\"https:\/\/ski.cerknica.net\/index.php\/organizacija\/\" \/>\n<meta property=\"og:locale\" content=\"en_US\" \/>\n<meta property=\"og:type\" content=\"article\" \/>\n<meta property=\"og:title\" content=\"Organizacija - Smu\u010darski klub Cerknica\" \/>\n<meta property=\"og:description\" content=\"Upravni odbor Franc \u017dnidar\u0161i\u010d &#8211; predsednik Eva Baraga &#8211; tajnik dru\u0161tva Breda Opeka Likar &#8211; finance Bo\u0161tjan Ule &#8211; vodja biatlonske sekcije Ga\u0161per \u0160emrov &#8211; vodja alpske sekcije Peter Pelan &#8211; tehni\u010dne zadeve Janez Zakraj\u0161ek &#8211; gospodar objektov na Slivnici \u017dan Rot &#8211; vodja sekcije ZUTS Roman \u0160ega Danilo Hribar Denis Tur\u0161i\u010d Anita \u017dnidar\u0161i\u010d Trenerji [&hellip;]\" \/>\n<meta property=\"og:url\" content=\"https:\/\/ski.cerknica.net\/index.php\/organizacija\/\" \/>\n<meta property=\"og:site_name\" content=\"Smu\u010darski klub Cerknica\" \/>\n<meta property=\"article:publisher\" content=\"https:\/\/www.facebook.com\/skcerknica\/\" \/>\n<meta property=\"article:modified_time\" content=\"2025-08-14T10:45:33+00:00\" \/>\n<meta name=\"twitter:card\" content=\"summary_large_image\" \/>\n<meta name=\"twitter:label1\" content=\"Est. reading time\" \/>\n\t<meta name=\"twitter:data1\" content=\"1 minute\" \/>\n<script type=\"application\/ld+json\" class=\"yoast-schema-graph\">{\"@context\":\"https:\/\/schema.org\",\"@graph\":[{\"@type\":\"WebPage\",\"@id\":\"https:\/\/ski.cerknica.net\/index.php\/organizacija\/\",\"url\":\"https:\/\/ski.cerknica.net\/index.php\/organizacija\/\",\"name\":\"Organizacija - Smu\u010darski klub Cerknica\",\"isPartOf\":{\"@id\":\"https:\/\/ski.cerknica.net\/#website\"},\"datePublished\":\"2022-11-24T22:13:59+00:00\",\"dateModified\":\"2025-08-14T10:45:33+00:00\",\"breadcrumb\":{\"@id\":\"https:\/\/ski.cerknica.net\/index.php\/organizacija\/#breadcrumb\"},\"inLanguage\":\"en-US\",\"potentialAction\":[{\"@type\":\"ReadAction\",\"target\":[\"https:\/\/ski.cerknica.net\/index.php\/organizacija\/\"]}]},{\"@type\":\"BreadcrumbList\",\"@id\":\"https:\/\/ski.cerknica.net\/index.php\/organizacija\/#breadcrumb\",\"itemListElement\":[{\"@type\":\"ListItem\",\"position\":1,\"name\":\"Home\",\"item\":\"https:\/\/ski.cerknica.net\/\"},{\"@type\":\"ListItem\",\"position\":2,\"name\":\"Organizacija\"}]},{\"@type\":\"WebSite\",\"@id\":\"https:\/\/ski.cerknica.net\/#website\",\"url\":\"https:\/\/ski.cerknica.net\/\",\"name\":\"Smu\u010darski klub Cerknica\",\"description\":\"Klub veselih smu\u010darjev :)\",\"publisher\":{\"@id\":\"https:\/\/ski.cerknica.net\/#organization\"},\"potentialAction\":[{\"@type\":\"SearchAction\",\"target\":{\"@type\":\"EntryPoint\",\"urlTemplate\":\"https:\/\/ski.cerknica.net\/?s={search_term_string}\"},\"query-input\":\"required name=search_term_string\"}],\"inLanguage\":\"en-US\"},{\"@type\":\"Organization\",\"@id\":\"https:\/\/ski.cerknica.net\/#organization\",\"name\":\"Smu\u010darski klub Cerknica\",\"url\":\"https:\/\/ski.cerknica.net\/\",\"sameAs\":[\"https:\/\/www.facebook.com\/skcerknica\/\"],\"logo\":{\"@type\":\"ImageObject\",\"inLanguage\":\"en-US\",\"@id\":\"https:\/\/ski.cerknica.net\/#\/schema\/logo\/image\/\",\"url\":\"https:\/\/ski.cerknica.net\/wp-content\/uploads\/2017\/10\/logo_black.jpg\",\"contentUrl\":\"https:\/\/ski.cerknica.net\/wp-content\/uploads\/2017\/10\/logo_black.jpg\",\"width\":950,\"height\":960,\"caption\":\"Smu\u010darski klub Cerknica\"},\"image\":{\"@id\":\"https:\/\/ski.cerknica.net\/#\/schema\/logo\/image\/\"}}]}<\/script>\n<!-- \/ Yoast SEO plugin. -->","yoast_head_json":{"title":"Organizacija - Smu\u010darski klub Cerknica","robots":{"index":"index","follow":"follow","max-snippet":"max-snippet:-1","max-image-preview":"max-image-preview:large","max-video-preview":"max-video-preview:-1"},"canonical":"https:\/\/ski.cerknica.net\/index.php\/organizacija\/","og_locale":"en_US","og_type":"article","og_title":"Organizacija - Smu\u010darski klub Cerknica","og_description":"Upravni odbor Franc \u017dnidar\u0161i\u010d &#8211; predsednik Eva Baraga &#8211; tajnik dru\u0161tva Breda Opeka Likar &#8211; finance Bo\u0161tjan Ule &#8211; vodja biatlonske sekcije Ga\u0161per \u0160emrov &#8211; vodja alpske sekcije Peter Pelan &#8211; tehni\u010dne zadeve Janez Zakraj\u0161ek &#8211; gospodar objektov na Slivnici \u017dan Rot &#8211; vodja sekcije ZUTS Roman \u0160ega Danilo Hribar Denis Tur\u0161i\u010d Anita \u017dnidar\u0161i\u010d Trenerji [&hellip;]","og_url":"https:\/\/ski.cerknica.net\/index.php\/organizacija\/","og_site_name":"Smu\u010darski klub Cerknica","article_publisher":"https:\/\/www.facebook.com\/skcerknica\/","article_modified_time":"2025-08-14T10:45:33+00:00","twitter_card":"summary_large_image","twitter_misc":{"Est. reading time":"1 minute"},"schema":{"@context":"https:\/\/schema.org","@graph":[{"@type":"WebPage","@id":"https:\/\/ski.cerknica.net\/index.php\/organizacija\/","url":"https:\/\/ski.cerknica.net\/index.php\/organizacija\/","name":"Organizacija - Smu\u010darski klub Cerknica","isPartOf":{"@id":"https:\/\/ski.cerknica.net\/#website"},"datePublished":"2022-11-24T22:13:59+00:00","dateModified":"2025-08-14T10:45:33+00:00","breadcrumb":{"@id":"https:\/\/ski.cerknica.net\/index.php\/organizacija\/#breadcrumb"},"inLanguage":"en-US","potentialAction":[{"@type":"ReadAction","target":["https:\/\/ski.cerknica.net\/index.php\/organizacija\/"]}]},{"@type":"BreadcrumbList","@id":"https:\/\/ski.cerknica.net\/index.php\/organizacija\/#breadcrumb","itemListElement":[{"@type":"ListItem","position":1,"name":"Home","item":"https:\/\/ski.cerknica.net\/"},{"@type":"ListItem","position":2,"name":"Organizacija"}]},{"@type":"WebSite","@id":"https:\/\/ski.cerknica.net\/#website","url":"https:\/\/ski.cerknica.net\/","name":"Smu\u010darski klub Cerknica","description":"Klub veselih smu\u010darjev :)","publisher":{"@id":"https:\/\/ski.cerknica.net\/#organization"},"potentialAction":[{"@type":"SearchAction","target":{"@type":"EntryPoint","urlTemplate":"https:\/\/ski.cerknica.net\/?s={search_term_string}"},"query-input":"required name=search_term_string"}],"inLanguage":"en-US"},{"@type":"Organization","@id":"https:\/\/ski.cerknica.net\/#organization","name":"Smu\u010darski klub Cerknica","url":"https:\/\/ski.cerknica.net\/","sameAs":["https:\/\/www.facebook.com\/skcerknica\/"],"logo":{"@type":"ImageObject","inLanguage":"en-US","@id":"https:\/\/ski.cerknica.net\/#\/schema\/logo\/image\/","url":"https:\/\/ski.cerknica.net\/wp-content\/uploads\/2017\/10\/logo_black.jpg","contentUrl":"https:\/\/ski.cerknica.net\/wp-content\/uploads\/2017\/10\/logo_black.jpg","width":950,"height":960,"caption":"Smu\u010darski klub Cerknica"},"image":{"@id":"https:\/\/ski.cerknica.net\/#\/schema\/logo\/image\/"}}]}},"_links":{"self":[{"href":"https:\/\/ski.cerknica.net\/index.php\/wp-json\/wp\/v2\/pages\/527"}],"collection":[{"href":"https:\/\/ski.cerknica.net\/index.php\/wp-json\/wp\/v2\/pages"}],"about":[{"href":"https:\/\/ski.cerknica.net\/index.php\/wp-json\/wp\/v2\/types\/page"}],"author":[{"embeddable":true,"href":"https:\/\/ski.cerknica.net\/index.php\/wp-json\/wp\/v2\/users\/5"}],"replies":[{"embeddable":true,"href":"https:\/\/ski.cerknica.net\/index.php\/wp-json\/wp\/v2\/comments?post=527"}],"version-history":[{"count":13,"href":"https:\/\/ski.cerknica.net\/index.php\/wp-json\/wp\/v2\/pages\/527\/revisions"}],"predecessor-version":[{"id":675,"href":"https:\/\/ski.cerknica.net\/index.php\/wp-json\/wp\/v2\/pages\/527\/revisions\/675"}],"wp:attachment":[{"href":"https:\/\/ski.cerknica.net\/index.php\/wp-json\/wp\/v2\/media?parent=527"}],"curies":[{"name":"wp","href":"https:\/\/api.w.org\/{rel}","templated":true}]}}